{"id":5,"date":"2013-01-29T20:20:12","date_gmt":"2013-01-29T18:20:12","guid":{"rendered":"http:\/\/new.unilinks.info\/blog\/?page_id=5"},"modified":"2013-06-13T17:19:41","modified_gmt":"2013-06-13T15:19:41","slug":"about","status":"publish","type":"page","link":"https:\/\/www.unilinks.info\/blog\/?page_id=5","title":{"rendered":"\u00dcber uns"},"content":{"rendered":"<p><em>:uniLinks!<\/em> ist ein seit 1999 bestehender zusammenschluss von leuten aus linken und selbstverwalteten zusammenh\u00e4ngen. wir lieb\u00e4ugeln mit einer offenen uni, in der an emanzipation interessierte bildung und wissenschaft ohne verwertbarkeitszw\u00e4nge stattfinden kann. obwohl wir grunds\u00e4tzliche kritik am parlamentarismus und an der stellvertreter_innenpolitik \u00fcben, ist das studierendenparlament ein ort an dem wir aktiv sind, denn die studierenden der uni schmei\u00dfen pro jahr einige hundert tausend euro zusammen, die dort verteilt werden. das ist viel geld, und der gr\u00f6\u00dfte teil davon wird f\u00fcr studentische hochschulpolitik und f\u00fcr service-sachen genutzt. doch an der uni arbeiten auch politische ag\u2019n und unabh\u00e4ngige referate, wo jede und jeder direkt und ohne wahlen politisch aktiv werden kann. wir wollen deren arbeit sichern, damit kampagnen, vortr\u00e4ge, workshops, ausstellungen und vieles mehr laufen k\u00f6nnen!<\/p>\n<p>und was gediegener antiparlamentarimus ist (mind the gap!), warum wir eine linksradikale organisierung an der uni zus\u00e4tzlich zu asta-strukturen und protestbewegungen wichtig finden und was wir sonst noch so machen, erz\u00e4hlen wir dir gerne bei einem treffen. melde dich bei uns und komm vorbei! wir freuen uns immer \u00fcber neue und interessierte leute.<\/p>\n<p><em>herrschaftskritische und antifaschistische politik an der uni? nur mit dir und :uniLinks!<\/em><\/p>\n<p>Nimm doch einfach mal <a href=\"https:\/\/www.unilinks.info\/blog\/?page_id=606\">Kontakt<\/a> mit uns auf!<\/p>\n<\/div>\n<div class=\"twoclick_social_bookmarks_post_5 social_share_privacy clearfix 1.6.4 locale-de_DE sprite-de_DE\"><\/div><div class=\"twoclick-js\"><script type=\"text\/javascript\">\/* <![CDATA[ *\/\njQuery(document).ready(function($){if($('.twoclick_social_bookmarks_post_5')){$('.twoclick_social_bookmarks_post_5').socialSharePrivacy({\"services\":{\"facebook\":{\"status\":\"on\",\"txt_info\":\"2 Klicks f\\u00fcr mehr Datenschutz: Erst wenn Ihr hier klickt, wird der Button aktiv und Ihr k\\u00f6nnt Eure Empfehlung an Facebook senden. Schon beim Aktivieren werden Daten an Dritte \\u00fcbertragen - siehe <em>i<\\\/em>.\",\"perma_option\":\"off\",\"action\":\"recommend\",\"language\":\"de_DE\"},\"twitter\":{\"reply_to\":\"uni_Links\",\"tweet_text\":\"%C3%9Cber%20uns%20%C2%BB%20%3AuniLinks%21\",\"status\":\"on\",\"txt_info\":\"2 Klicks f\\u00fcr mehr Datenschutz: Erst wenn Ihr hier klickt, wird der Button aktiv und Ihr k\\u00f6nnt Eure Empfehlung an Twitter senden. Schon beim Aktivieren werden Daten an Dritte \\u00fcbertragen - siehe <em>i<\\\/em>.\",\"perma_option\":\"off\",\"language\":\"de\",\"referrer_track\":\"\"}},\"txt_help\":\"Wenn Sie diese Felder durch einen Klick aktivieren, werden Informationen an Facebook, Twitter, Flattr, Xing, t3n, LinkedIn, Pinterest oder Google eventuell ins Ausland \\u00fcbertragen und unter Umst\\u00e4nden auch dort gespeichert. N\\u00e4heres erfahren Sie durch einen Klick auf das <em>i<\\\/em>.\",\"settings_perma\":\"Dauerhaft aktivieren und Daten\\u00fcber-tragung zustimmen:\",\"info_link\":\"http:\\\/\\\/www.heise.de\\\/ct\\\/artikel\\\/2-Klicks-fuer-mehr-Datenschutz-1333879.html\",\"uri\":\"https:\\\/\\\/www.unilinks.info\\\/blog\\\/?page_id=5\",\"post_id\":5,\"post_title_referrer_track\":\"%C3%9Cber+uns\",\"display_infobox\":\"on\"});}});\n\/* ]]> *\/<\/script><\/div>","protected":false},"excerpt":{"rendered":"<p>:uniLinks! ist ein seit 1999 bestehender zusammenschluss von leuten aus linken und selbstverwalteten zusammenh\u00e4ngen. wir lieb\u00e4ugeln mit einer offenen uni, in der an emanzipation interessierte bildung und wissenschaft ohne verwertbarkeitszw\u00e4nge stattfinden kann. obwohl wir grunds\u00e4tzliche kritik am parlamentarismus und an &hellip; <a href=\"https:\/\/www.unilinks.info\/blog\/?page_id=5\">Weiterlesen <span class=\"meta-nav\">&rarr;<\/span><\/a><\/p>\n","protected":false},"author":2,"featured_media":0,"parent":0,"menu_order":0,"comment_status":"open","ping_status":"open","template":"","meta":{"footnotes":""},"class_list":["post-5","page","type-page","status-publish","hentry"],"_links":{"self":[{"href":"https:\/\/www.unilinks.info\/blog\/index.php?rest_route=\/wp\/v2\/pages\/5"}],"collection":[{"href":"https:\/\/www.unilinks.info\/blog\/index.php?rest_route=\/wp\/v2\/pages"}],"about":[{"href":"https:\/\/www.unilinks.info\/blog\/index.php?rest_route=\/wp\/v2\/types\/page"}],"author":[{"embeddable":true,"href":"https:\/\/www.unilinks.info\/blog\/index.php?rest_route=\/wp\/v2\/users\/2"}],"replies":[{"embeddable":true,"href":"https:\/\/www.unilinks.info\/blog\/index.php?rest_route=%2Fwp%2Fv2%2Fcomments&post=5"}],"version-history":[{"count":25,"href":"https:\/\/www.unilinks.info\/blog\/index.php?rest_route=\/wp\/v2\/pages\/5\/revisions"}],"predecessor-version":[{"id":616,"href":"https:\/\/www.unilinks.info\/blog\/index.php?rest_route=\/wp\/v2\/pages\/5\/revisions\/616"}],"wp:attachment":[{"href":"https:\/\/www.unilinks.info\/blog\/index.php?rest_route=%2Fwp%2Fv2%2Fmedia&parent=5"}],"curies":[{"name":"wp","href":"https:\/\/api.w.org\/{rel}","templated":true}]}}