{"id":2237,"date":"2018-10-16T14:44:04","date_gmt":"2018-10-16T12:44:04","guid":{"rendered":"https:\/\/www.unilinks.info\/blog\/?page_id=2237"},"modified":"2019-09-01T21:33:53","modified_gmt":"2019-09-01T19:33:53","slug":"reader","status":"publish","type":"page","link":"https:\/\/www.unilinks.info\/blog\/?page_id=2237","title":{"rendered":"Reader &#8211; &#8222;texte und mehr aus 15 jahren&#8220;"},"content":{"rendered":"<p>Anl\u00e4sslich des 15-J\u00e4hrigen Jubil\u00e4ums von :uniLinks! haben einige ehemalige Mitglieder und Aktive eine umfassende Sammlung von Texten und Fotos seit der Gr\u00fcndung der Liste zusammengestellt. Entstanden ist ein \u00dcberblick \u00fcber die Positionen und \u00c4u\u00dferungen der Gruppe im Laufe der Jahre, an denen sich auch die Geschichte der Linken (nicht nur) an der Hochschule ablesen l\u00e4sst. Zudem werden Hintergrundinformationen zu Geschehnissen und Texten eingestreut, die uns beim Erarbeiten der Inhalte geholfen haben vergangene Debatten zug\u00e4nglicher zu machen.<\/p>\n<p>Eine <a href=\"https:\/\/www.unilinks.info\/blog\/wp-content\/uploads\/2017\/11\/uniLinks_Reader_Onlineversion.pdf\">Online-Version<\/a> (PDF, 18 MB) des Readers kann heruntergeladen werden, ebenso des <a href=\"https:\/\/www.unilinks.info\/blog\/wp-content\/uploads\/2019\/09\/poster_unilinks_reader.pdf\">Posters<\/a> (PDF, 0.8 MB). Dieses liegt der Print-Version in sch\u00f6nstem Farbdruck auf hochwertigem Papier bei und ist in der <a href=\"https:\/\/eulenspiegel.buchhandlung.de\/shop\/magazine\/138028\/standorte_und_oeffnungszeiten.html\">Buchhandlung Eulenspiegel<\/a> verf\u00fcgbar. Auf <a href=\"https:\/\/www.unilinks.info\/blog\/?page_id=606\">Anfrage<\/a> k\u00f6nnen wir den Reader auch gerne zuschicken!<\/p>\n<div class=\"twoclick_social_bookmarks_post_2237 social_share_privacy clearfix 1.6.4 locale-de_DE sprite-de_DE\"><\/div><div class=\"twoclick-js\"><script type=\"text\/javascript\">\/* <![CDATA[ *\/\njQuery(document).ready(function($){if($('.twoclick_social_bookmarks_post_2237')){$('.twoclick_social_bookmarks_post_2237').socialSharePrivacy({\"services\":{\"facebook\":{\"status\":\"on\",\"txt_info\":\"2 Klicks f\\u00fcr mehr Datenschutz: Erst wenn Ihr hier klickt, wird der Button aktiv und Ihr k\\u00f6nnt Eure Empfehlung an Facebook senden. Schon beim Aktivieren werden Daten an Dritte \\u00fcbertragen - siehe <em>i<\\\/em>.\",\"perma_option\":\"off\",\"action\":\"recommend\",\"language\":\"de_DE\"},\"twitter\":{\"reply_to\":\"uni_Links\",\"tweet_text\":\"%20Reader%20%E2%80%93%20%E2%80%9Etexte%20und%20mehr%20aus%2015%20jahren%E2%80%9C%20%C2%BB%20...\",\"status\":\"on\",\"txt_info\":\"2 Klicks f\\u00fcr mehr Datenschutz: Erst wenn Ihr hier klickt, wird der Button aktiv und Ihr k\\u00f6nnt Eure Empfehlung an Twitter senden. Schon beim Aktivieren werden Daten an Dritte \\u00fcbertragen - siehe <em>i<\\\/em>.\",\"perma_option\":\"off\",\"language\":\"de\",\"referrer_track\":\"\"}},\"txt_help\":\"Wenn Sie diese Felder durch einen Klick aktivieren, werden Informationen an Facebook, Twitter, Flattr, Xing, t3n, LinkedIn, Pinterest oder Google eventuell ins Ausland \\u00fcbertragen und unter Umst\\u00e4nden auch dort gespeichert. N\\u00e4heres erfahren Sie durch einen Klick auf das <em>i<\\\/em>.\",\"settings_perma\":\"Dauerhaft aktivieren und Daten\\u00fcber-tragung zustimmen:\",\"info_link\":\"http:\\\/\\\/www.heise.de\\\/ct\\\/artikel\\\/2-Klicks-fuer-mehr-Datenschutz-1333879.html\",\"uri\":\"https:\\\/\\\/www.unilinks.info\\\/blog\\\/?page_id=2237\",\"post_id\":2237,\"post_title_referrer_track\":\"Reader+%26%238211%3B+%26%238222%3Btexte+und+mehr+aus+15+jahren%26%238220%3B\",\"display_infobox\":\"on\"});}});\n\/* ]]> *\/<\/script><\/div>","protected":false},"excerpt":{"rendered":"<p>Anl\u00e4sslich des 15-J\u00e4hrigen Jubil\u00e4ums von :uniLinks! haben einige ehemalige Mitglieder und Aktive eine umfassende Sammlung von Texten und Fotos seit der Gr\u00fcndung der Liste zusammengestellt. Entstanden ist ein \u00dcberblick \u00fcber die Positionen und \u00c4u\u00dferungen der Gruppe im Laufe der Jahre, &hellip; <a href=\"https:\/\/www.unilinks.info\/blog\/?page_id=2237\">Weiterlesen <span class=\"meta-nav\">&rarr;<\/span><\/a><\/p>\n","protected":false},"author":2,"featured_media":0,"parent":0,"menu_order":0,"comment_status":"closed","ping_status":"closed","template":"","meta":{"footnotes":""},"class_list":["post-2237","page","type-page","status-publish","hentry"],"_links":{"self":[{"href":"https:\/\/www.unilinks.info\/blog\/index.php?rest_route=\/wp\/v2\/pages\/2237"}],"collection":[{"href":"https:\/\/www.unilinks.info\/blog\/index.php?rest_route=\/wp\/v2\/pages"}],"about":[{"href":"https:\/\/www.unilinks.info\/blog\/index.php?rest_route=\/wp\/v2\/types\/page"}],"author":[{"embeddable":true,"href":"https:\/\/www.unilinks.info\/blog\/index.php?rest_route=\/wp\/v2\/users\/2"}],"replies":[{"embeddable":true,"href":"https:\/\/www.unilinks.info\/blog\/index.php?rest_route=%2Fwp%2Fv2%2Fcomments&post=2237"}],"version-history":[{"count":5,"href":"https:\/\/www.unilinks.info\/blog\/index.php?rest_route=\/wp\/v2\/pages\/2237\/revisions"}],"predecessor-version":[{"id":2284,"href":"https:\/\/www.unilinks.info\/blog\/index.php?rest_route=\/wp\/v2\/pages\/2237\/revisions\/2284"}],"wp:attachment":[{"href":"https:\/\/www.unilinks.info\/blog\/index.php?rest_route=%2Fwp%2Fv2%2Fmedia&parent=2237"}],"curies":[{"name":"wp","href":"https:\/\/api.w.org\/{rel}","templated":true}]}}